{"id":267,"date":"2025-02-22T13:11:16","date_gmt":"2025-02-22T13:11:16","guid":{"rendered":"https:\/\/fabricia.at\/?page_id=267"},"modified":"2025-02-23T10:43:47","modified_gmt":"2025-02-23T10:43:47","slug":"unser-tag","status":"publish","type":"page","link":"https:\/\/fabricia.at\/?page_id=267","title":{"rendered":"Unser Tag"},"content":{"rendered":"<p>[et_pb_section fb_built=&#8220;1&#8243; _builder_version=&#8220;4.27.2&#8243; _module_preset=&#8220;default&#8220; background_image=&#8220;http:\/\/fabricia.at\/wp-content\/uploads\/webreadyTR_20240903_TR_20240903__DSC2215-1024&#215;461.png&#8220; parallax=&#8220;on&#8220; background_enable_video_mp4=&#8220;off&#8220; width=&#8220;100%&#8220; max_width_tablet=&#8220;&#8220; max_width_phone=&#8220;100%&#8220; max_width_last_edited=&#8220;on|phone&#8220; custom_margin=&#8220;||||false|false&#8220; custom_padding=&#8220;0px||100px||false|false&#8220; hover_enabled=&#8220;0&#8243; background_last_edited=&#8220;on|phone&#8220; background_image_phone=&#8220;http:\/\/fabricia.at\/wp-content\/uploads\/webready_0003.png&#8220; background_enable_image_phone=&#8220;on&#8220; background_enable_video_mp4_phone=&#8220;off&#8220; global_colors_info=&#8220;{}&#8220; height__hover_enabled=&#8220;on|desktop&#8220; sticky_enabled=&#8220;0&#8243; title_text=&#8220;webready_0003&#8243;][et_pb_row _builder_version=&#8220;4.27.2&#8243; _module_preset=&#8220;default&#8220; global_colors_info=&#8220;{}&#8220;][et_pb_column type=&#8220;4_4&#8243; _builder_version=&#8220;4.27.2&#8243; _module_preset=&#8220;default&#8220; global_colors_info=&#8220;{}&#8220;][et_pb_text _builder_version=&#8220;4.27.2&#8243; _module_preset=&#8220;default&#8220; text_font=&#8220;EB Garamond||||||||&#8220; text_text_color=&#8220;#FFFFFF&#8220; text_font_size=&#8220;98px&#8220; text_letter_spacing=&#8220;15px&#8220; text_line_height=&#8220;1.9em&#8220; header_text_align=&#8220;center&#8220; background_color=&#8220;RGBA(255,255,255,0)&#8220; text_orientation=&#8220;center&#8220; custom_margin=&#8220;140px||||false|false&#8220; text_font_size_tablet=&#8220;43px&#8220; text_font_size_phone=&#8220;34px&#8220; text_font_size_last_edited=&#8220;on|phone&#8220; global_colors_info=&#8220;{}&#8220;]<\/p>\n<p>UNSER TAG<\/p>\n<p>[\/et_pb_text][et_pb_text _builder_version=&#8220;4.27.2&#8243; _module_preset=&#8220;default&#8220; text_font=&#8220;EB Garamond||||||||&#8220; text_text_color=&#8220;#FFFFFF&#8220; text_font_size=&#8220;21px&#8220; text_letter_spacing=&#8220;4px&#8220; text_line_height=&#8220;1.8em&#8220; text_orientation=&#8220;center&#8220; custom_margin=&#8220;140px||||false|false&#8220; global_colors_info=&#8220;{}&#8220;]<\/p>\n<p>14.08.2025<br \/>Schlosspark M\u00fchlbach am Manhartsberg<\/p>\n<p>[\/et_pb_text][\/et_pb_column][\/et_pb_row][\/et_pb_section][et_pb_section fb_built=&#8220;1&#8243; _builder_version=&#8220;4.27.2&#8243; _module_preset=&#8220;default&#8220; background_color=&#8220;#ece7db&#8220; width=&#8220;100%&#8220; max_width=&#8220;100%&#8220; custom_margin=&#8220;||||false|false&#8220; custom_padding=&#8220;||||false|false&#8220; global_colors_info=&#8220;{}&#8220;][et_pb_row _builder_version=&#8220;4.27.2&#8243; _module_preset=&#8220;default&#8220; width=&#8220;100%&#8220; max_width=&#8220;2560px&#8220; global_colors_info=&#8220;{}&#8220;][et_pb_column type=&#8220;4_4&#8243; _builder_version=&#8220;4.27.2&#8243; _module_preset=&#8220;default&#8220; global_colors_info=&#8220;{}&#8220;][et_pb_image src=&#8220;http:\/\/fabricia.at\/wp-content\/uploads\/amoreimpark.png&#8220; title_text=&#8220;amoreimpark&#8220; align=&#8220;center&#8220; _builder_version=&#8220;4.27.2&#8243; _module_preset=&#8220;default&#8220; width=&#8220;100%&#8220; max_width=&#8220;49%&#8220; max_width_tablet=&#8220;49%&#8220; max_width_phone=&#8220;97%&#8220; max_width_last_edited=&#8220;on|phone&#8220; global_colors_info=&#8220;{}&#8220;][\/et_pb_image][\/et_pb_column][\/et_pb_row][\/et_pb_section][et_pb_section fb_built=&#8220;1&#8243; _builder_version=&#8220;4.27.2&#8243; _module_preset=&#8220;default&#8220; global_colors_info=&#8220;{}&#8220;][et_pb_row column_structure=&#8220;1_3,1_3,1_3&#8243; _builder_version=&#8220;4.27.2&#8243; _module_preset=&#8220;default&#8220; global_colors_info=&#8220;{}&#8220;][et_pb_column type=&#8220;1_3&#8243; _builder_version=&#8220;4.27.2&#8243; _module_preset=&#8220;default&#8220; global_colors_info=&#8220;{}&#8220;][et_pb_image src=&#8220;http:\/\/fabricia.at\/wp-content\/uploads\/2024\/11\/TR_20240903_TR_20240903__DSC2634-683&#215;1024.jpg&#8220; title_text=&#8220;TR_20240903_TR_20240903__DSC2634&#8243; _builder_version=&#8220;4.27.2&#8243; _module_preset=&#8220;default&#8220; hover_enabled=&#8220;0&#8243; global_colors_info=&#8220;{}&#8220; filter_contrast=&#8220;110%&#8220; filter_saturate=&#8220;0%&#8220; sticky_enabled=&#8220;0&#8243;][\/et_pb_image][\/et_pb_column][et_pb_column type=&#8220;1_3&#8243; _builder_version=&#8220;4.27.2&#8243; _module_preset=&#8220;default&#8220; global_colors_info=&#8220;{}&#8220;][et_pb_text _builder_version=&#8220;4.27.2&#8243; _module_preset=&#8220;default&#8220; text_font=&#8220;EB Garamond||||||||&#8220; text_font_size=&#8220;21px&#8220; hover_enabled=&#8220;0&#8243; global_colors_info=&#8220;{}&#8220; sticky_enabled=&#8220;0&#8243; text_line_height=&#8220;1.3em&#8220;]<\/p>\n<p style=\"text-align: center;\"><span style=\"color: #cf4c2a;\"><b>SHUTTLE ZUM SCHLOSSPARK<\/b><\/span><\/p>\n<p style=\"text-align: center;\"><span style=\"font-weight: 400;\">12:45 Uhr <\/span><b>\u2013<\/b><span style=\"font-weight: 400;\"> Abfahrt vom Loisium<\/span><span style=\"font-weight: 400;\"><br \/><\/span><span style=\"font-weight: 400;\">Loisium-Allee 2, 3550 Langenlois<\/span><\/p>\n<p style=\"text-align: center;\"><span style=\"font-weight: 400;\">13:00 Uhr <\/span><b>\u2013 <\/b><span style=\"font-weight: 400;\">Abfahrt vom Eisenbock\u2018s Strasser Hof<\/span><span style=\"font-weight: 400;\"><br \/><\/span><span style=\"font-weight: 400;\">Marktplatz 30, 3491 Stra\u00df im Stra\u00dfertale<\/span><span style=\"font-weight: 400;\"><\/span><\/p>\n<p style=\"text-align: center;\"><span style=\"color: #cf4c2a;\"><b>EMPFANG VOR ORT<\/b><\/span><\/p>\n<p style=\"text-align: center;\"><span style=\"font-weight: 400;\">13:30 Uhr <\/span><b>\u2013<\/b><span style=\"font-weight: 400;\"> Ankunft im Schlosspark<\/span><span style=\"font-weight: 400;\"><br \/><\/span><span style=\"font-weight: 400;\">M\u00fchlbach am Manhartsberg Br\u00fccke, 3473 M\u00fchlbach am Manhartsberg<\/span><\/p>\n<p style=\"text-align: center;\"><span style=\"color: #cf4c2a;\"><b>WIR SAGEN JA<\/b><\/span><\/p>\n<p style=\"text-align: center;\"><span style=\"font-weight: 400;\">14:00 Uhr <\/span><b>\u2013<\/b><span style=\"font-weight: 400;\"> standesamtliche Trauung<\/span><\/p>\n<p style=\"text-align: center;\"><span style=\"color: #cf4c2a;\"><b>GARTENFEST<\/b><\/span><\/p>\n<p style=\"text-align: center;\"><span style=\"font-weight: 400;\">ab 15:00 Uhr<\/span><\/p>\n<p style=\"text-align: center;\"><span style=\"color: #cf4c2a;\"><b>SHUTTLE ZUR UNTERKUNFT<\/b><\/span><\/p>\n<p style=\"text-align: center;\"><span style=\"font-weight: 400;\">23:00 bis 3:00 Uhr <\/span><b>\u2013<\/b><span style=\"font-weight: 400;\"> st\u00fcndlich nach Stra\u00df und<\/span><span style=\"font-weight: 400;\"><br \/><\/span><span style=\"font-weight: 400;\">Langenlois<\/span><\/p>\n<p>[\/et_pb_text][\/et_pb_column][et_pb_column type=&#8220;1_3&#8243; _builder_version=&#8220;4.27.2&#8243; _module_preset=&#8220;default&#8220; global_colors_info=&#8220;{}&#8220;][et_pb_image src=&#8220;http:\/\/fabricia.at\/wp-content\/uploads\/2024\/11\/TR_20240903_TR_20240903__DSC2716-683&#215;1024.jpg&#8220; title_text=&#8220;TR_20240903_TR_20240903__DSC2716&#8243; _builder_version=&#8220;4.27.2&#8243; _module_preset=&#8220;default&#8220; hover_enabled=&#8220;0&#8243; global_colors_info=&#8220;{}&#8220; filter_saturate=&#8220;0%&#8220; filter_contrast=&#8220;116%&#8220; sticky_enabled=&#8220;0&#8243;][\/et_pb_image][\/et_pb_column][\/et_pb_row][\/et_pb_section][et_pb_section fb_built=&#8220;1&#8243; _builder_version=&#8220;4.27.2&#8243; _module_preset=&#8220;default&#8220; custom_margin=&#8220;-100px||-100px||false|false&#8220; custom_padding=&#8220;0px||||false|false&#8220; global_colors_info=&#8220;{}&#8220;][et_pb_row _builder_version=&#8220;4.27.2&#8243; _module_preset=&#8220;default&#8220; background_color=&#8220;RGBA(255,255,255,0)&#8220; global_colors_info=&#8220;{}&#8220;][et_pb_column type=&#8220;4_4&#8243; _builder_version=&#8220;4.27.2&#8243; _module_preset=&#8220;default&#8220; global_colors_info=&#8220;{}&#8220;][et_pb_countdown_timer title=&#8220;Ihr Titel&#8220; date_time=&#8220;2025-08-14 10:32&#8243; _builder_version=&#8220;4.27.2&#8243; _module_preset=&#8220;default&#8220; header_text_color=&#8220;RGBA(255,255,255,0)&#8220; header_letter_spacing=&#8220;9px&#8220; numbers_font=&#8220;EB Garamond||||||||&#8220; numbers_text_color=&#8220;rgba(0,0,0,0.66)&#8220; numbers_letter_spacing=&#8220;1px&#8220; label_font=&#8220;EB Garamond||||||||&#8220; label_text_color=&#8220;#000000&#8243; label_letter_spacing=&#8220;3px&#8220; label_line_height=&#8220;32px&#8220; background_color=&#8220;RGBA(255,255,255,0)&#8220; label_font_size_tablet=&#8220;12px&#8220; label_font_size_phone=&#8220;1px&#8220; label_font_size_last_edited=&#8220;on|tablet&#8220; global_colors_info=&#8220;{}&#8220;][\/et_pb_countdown_timer][et_pb_image src=&#8220;http:\/\/fabricia.at\/wp-content\/uploads\/2024\/11\/Logo_black_bg.png&#8220; title_text=&#8220;Logo_black_bg&#8220; align=&#8220;center&#8220; _builder_version=&#8220;4.27.2&#8243; _module_preset=&#8220;default&#8220; width=&#8220;18%&#8220; width_tablet=&#8220;18%&#8220; width_phone=&#8220;55%&#8220; width_last_edited=&#8220;on|phone&#8220; max_width=&#8220;80%&#8220; custom_margin=&#8220;-10px||-80px||false|false&#8220; custom_padding=&#8220;1px||||false|false&#8220; global_colors_info=&#8220;{}&#8220;][\/et_pb_image][\/et_pb_column][\/et_pb_row][\/et_pb_section][et_pb_section fb_built=&#8220;1&#8243; _builder_version=&#8220;4.27.2&#8243; _module_preset=&#8220;default&#8220; background_color=&#8220;#ece7db&#8220; max_width=&#8220;99%&#8220; height=&#8220;145px&#8220; global_colors_info=&#8220;{}&#8220;][et_pb_row _builder_version=&#8220;4.27.2&#8243; _module_preset=&#8220;default&#8220; width=&#8220;50%&#8220; custom_margin=&#8220;80px||||false|false&#8220; global_colors_info=&#8220;{}&#8220;][et_pb_column type=&#8220;4_4&#8243; _builder_version=&#8220;4.27.2&#8243; _module_preset=&#8220;default&#8220; global_colors_info=&#8220;{}&#8220;][et_pb_text _builder_version=&#8220;4.27.2&#8243; _module_preset=&#8220;default&#8220; link_option_url=&#8220;https:\/\/fabricia.at\/?page_id=159&#8243; global_colors_info=&#8220;{}&#8220;]<\/p>\n<p style=\"text-align: center;\">Datenschutz<\/p>\n<p>[\/et_pb_text][\/et_pb_column][\/et_pb_row][\/et_pb_section]<\/p>\n","protected":false},"excerpt":{"rendered":"<p>UNSER TAG14.08.2025Schlosspark M\u00fchlbach am ManhartsbergSHUTTLE ZUM SCHLOSSPARK 12:45 Uhr \u2013 Abfahrt vom LoisiumLoisium-Allee 2, 3550 Langenlois 13:00 Uhr \u2013 Abfahrt vom Eisenbock\u2018s Strasser HofMarktplatz 30, 3491 Stra\u00df im Stra\u00dfertale EMPFANG VOR ORT 13:30 Uhr \u2013 Ankunft im SchlossparkM\u00fchlbach am Manhartsberg Br\u00fccke, 3473 M\u00fchlbach am Manhartsberg WIR SAGEN JA 14:00 Uhr \u2013 standesamtliche Trauung GARTENFEST ab [&hellip;]<\/p>\n","protected":false},"author":1,"featured_media":0,"parent":0,"menu_order":0,"comment_status":"closed","ping_status":"closed","template":"","meta":{"_et_pb_use_builder":"on","_et_pb_old_content":"","_et_gb_content_width":"","footnotes":""},"class_list":["post-267","page","type-page","status-publish","hentry"],"_links":{"self":[{"href":"https:\/\/fabricia.at\/index.php?rest_route=\/wp\/v2\/pages\/267","targetHints":{"allow":["GET"]}}],"collection":[{"href":"https:\/\/fabricia.at\/index.php?rest_route=\/wp\/v2\/pages"}],"about":[{"href":"https:\/\/fabricia.at\/index.php?rest_route=\/wp\/v2\/types\/page"}],"author":[{"embeddable":true,"href":"https:\/\/fabricia.at\/index.php?rest_route=\/wp\/v2\/users\/1"}],"replies":[{"embeddable":true,"href":"https:\/\/fabricia.at\/index.php?rest_route=%2Fwp%2Fv2%2Fcomments&post=267"}],"version-history":[{"count":13,"href":"https:\/\/fabricia.at\/index.php?rest_route=\/wp\/v2\/pages\/267\/revisions"}],"predecessor-version":[{"id":418,"href":"https:\/\/fabricia.at\/index.php?rest_route=\/wp\/v2\/pages\/267\/revisions\/418"}],"wp:attachment":[{"href":"https:\/\/fabricia.at\/index.php?rest_route=%2Fwp%2Fv2%2Fmedia&parent=267"}],"curies":[{"name":"wp","href":"https:\/\/api.w.org\/{rel}","templated":true}]}}